{"id":10711,"date":"2021-05-07T13:02:50","date_gmt":"2021-05-07T13:02:50","guid":{"rendered":"https:\/\/rightpower.sk\/ako-sa-zapojit-do-sutaze\/"},"modified":"2024-07-09T12:05:15","modified_gmt":"2024-07-09T12:05:15","slug":"hogyan-vehet-reszt-a-versenyen","status":"publish","type":"page","link":"https:\/\/www.rightpower.sk\/hu\/hogyan-vehet-reszt-a-versenyen\/","title":{"rendered":"Hogyan vehet r\u00e9szt a versenyen?"},"content":{"rendered":"\n<h2 class=\"wp-block-heading has-text-align-center\"><strong>Hogyan j\u00f6tt l\u00e9tre a RIGHT POWER?<\/strong><\/h2>\n\n\n\n<div class=\"wp-block-columns is-layout-flex wp-container-core-columns-layout-1 wp-block-columns-is-layout-flex\">\n<div class=\"wp-block-column is-layout-flow wp-block-column-is-layout-flow\">\n<p>A szlov\u00e1kiai z\u00f6ld energia t\u00f6rt\u00e9net\u00e9t k\u00e9t szlov\u00e1k kezdte meg\u00edrni 2006. j\u00fanius 7-\u00e9n, akik sok\u00e9ves energetikai tapasztalatukat a meg\u00fajul\u00f3 forr\u00e1sokb\u00f3l sz\u00e1rmaz\u00f3 energia k\u00f6zvet\u00edt\u00e9s\u00e9nek sikeres koncepci\u00f3j\u00e1v\u00e1 alak\u00edtott\u00e1k. Jozef B\u00f6jto\u0161 (\u2020 2020), miut\u00e1n 2006-ban elhagyta a VSE igazgat\u00f3i posztj\u00e1t, Mari\u00e1n Chom-mal egyes\u00fclt, aki 2000 \u00f3ta tev\u00e9kenykedik az energiaszektorban, \u00e9s kor\u00e1bban a Slovensk\u00e9 elektr\u00e1rne, a.s. p\u00e9nz\u00fcgyi igazgat\u00f3ja volt.<\/p>\n\n\n\n<p>Az id\u0151k folyam\u00e1n l\u00e9trej\u00f6tt a RIGHT POWER, a.s. c\u00e9gcsoport, amelynek f\u0151 k\u00fcldet\u00e9se az energiaszektorban \u00fczleti tev\u00e9kenys\u00e9get folytat\u00f3 stabil c\u00e9gcsoport fel\u00e9p\u00edt\u00e9se a Cseh \u00e9s<\/p>\n<\/div>\n\n\n\n<div class=\"wp-block-column is-layout-flow wp-block-column-is-layout-flow\">\n<p>Szlov\u00e1k K\u00f6zt\u00e1rsas\u00e1gban. Jelenleg a RIGHT POWER meghat\u00e1roz\u00f3 szerepl\u0151k\u00e9nt m\u0171k\u00f6dik K\u00f6z\u00e9p- \u00e9s Kelet-Eur\u00f3pa r\u00e9gi\u00f3j\u00e1ban. K\u00e9pviselteti mag\u00e1t Szlov\u00e1ki\u00e1ban, a Cseh K\u00f6zt\u00e1rsas\u00e1gban, Lengyelorsz\u00e1gban \u00e9s Ukrajn\u00e1ban. Els\u0151sorban a kiz\u00e1r\u00f3lag meg\u00fajul\u00f3 forr\u00e1sokb\u00f3l sz\u00e1rmaz\u00f3 z\u00f6ld villamos energia \u00e9s f\u00f6ldg\u00e1z ell\u00e1t\u00e1s\u00e1val foglalkozik a szlov\u00e1k \u00e9s a cseh v\u00e9gfelhaszn\u00e1l\u00f3k sz\u00e1m\u00e1ra. Az el\u00e9gedett \u00fcgyfelek k\u00f6z\u00f6tt t\u00f6bb ezer h\u00e1ztart\u00e1s, v\u00e1llalat \u00e9s \u00f6nkorm\u00e1nyzat tal\u00e1lhat\u00f3.<\/p>\n<\/div>\n<\/div>\n\n\n\n<h2 class=\"wp-block-heading has-text-align-center\">V\u00e1llalati filoz\u00f3fia<\/h2>\n\n\n\n<p class=\"has-text-align-center\">A v\u00e1llalat f\u0151 filoz\u00f3fi\u00e1ja a mindenki sz\u00e1m\u00e1ra el\u00e9rhet\u0151 z\u00f6ld energia, ami sz\u00e1munkra term\u00e9szetesen ingyenes \u00e9s nem kieg\u00e9sz\u00edt\u0151 szolg\u00e1ltat\u00e1s. A meg\u00fajul\u00f3 energi\u00e1k az egyetlen helyes v\u00e1laszt\u00e1s a bolyg\u00f3 lehet\u0151 legtiszt\u00e1bb meg\u0151rz\u00e9s\u00e9hez a j\u00f6v\u0151 gener\u00e1ci\u00f3i sz\u00e1m\u00e1ra.<\/p>\n","protected":false},"excerpt":{"rendered":"<p>Csak annyit kell tennie, hogy m\u00e1jus 1. \u00e9s augusztus 31. k\u00f6z\u00f6tt a r\u00e9gi villamosenergia-szolg\u00e1ltat\u00f3r\u00f3l a RIGHT POWER-re kell v\u00e1ltania, \u00e9s automatikusan r\u00e9szt vesz az INGYENES villamosenergia-sorsol\u00e1son *. 15 h\u00e1ztart\u00e1st sorsolunk ki a h\u00f3nap v\u00e9g\u00e9n!<\/p>\n","protected":false},"author":5,"featured_media":10612,"parent":0,"menu_order":0,"comment_status":"closed","ping_status":"closed","template":"page-sutaz.php","meta":{"_acf_changed":false,"footnotes":""},"acf":[],"yoast_head":"<!-- This site is optimized with the Yoast SEO plugin v22.2 - https:\/\/yoast.com\/wordpress\/plugins\/seo\/ -->\n<title>Hogyan vehet r\u00e9szt a versenyen? - RIGHT POWER<\/title>\n<meta name=\"robots\" content=\"index, follow, max-snippet:-1, max-image-preview:large, max-video-preview:-1\" \/>\n<link rel=\"canonical\" href=\"https:\/\/www.rightpower.sk\/hu\/hogyan-vehet-reszt-a-versenyen\/\" \/>\n<meta property=\"og:locale\" content=\"hu_HU\" \/>\n<meta property=\"og:type\" content=\"article\" \/>\n<meta property=\"og:title\" content=\"Hogyan vehet r\u00e9szt a versenyen? - RIGHT POWER\" \/>\n<meta property=\"og:description\" content=\"Csak annyit kell tennie, hogy m\u00e1jus 1. \u00e9s augusztus 31. k\u00f6z\u00f6tt a r\u00e9gi villamosenergia-szolg\u00e1ltat\u00f3r\u00f3l a RIGHT POWER-re kell v\u00e1ltania, \u00e9s automatikusan r\u00e9szt vesz az INGYENES villamosenergia-sorsol\u00e1son *. 15 h\u00e1ztart\u00e1st sorsolunk ki a h\u00f3nap v\u00e9g\u00e9n!\" \/>\n<meta property=\"og:url\" content=\"https:\/\/www.rightpower.sk\/hu\/hogyan-vehet-reszt-a-versenyen\/\" \/>\n<meta property=\"og:site_name\" content=\"RIGHT POWER\" \/>\n<meta property=\"article:publisher\" content=\"https:\/\/www.facebook.com\/rightpowerenergie\" \/>\n<meta property=\"article:modified_time\" content=\"2024-07-09T12:05:15+00:00\" \/>\n<meta property=\"og:image\" content=\"https:\/\/www.rightpower.sk\/wp-content\/uploads\/2021\/05\/sutaz-bg@2x.png\" \/>\n\t<meta property=\"og:image:width\" content=\"2880\" \/>\n\t<meta property=\"og:image:height\" content=\"1176\" \/>\n\t<meta property=\"og:image:type\" content=\"image\/png\" \/>\n<meta name=\"twitter:card\" content=\"summary_large_image\" \/>\n<meta name=\"twitter:label1\" content=\"Becs\u00fclt olvas\u00e1si id\u0151\" \/>\n\t<meta name=\"twitter:data1\" content=\"2 perc\" \/>\n<script type=\"application\/ld+json\" class=\"yoast-schema-graph\">{\"@context\":\"https:\/\/schema.org\",\"@graph\":[{\"@type\":\"WebPage\",\"@id\":\"https:\/\/www.rightpower.sk\/hu\/hogyan-vehet-reszt-a-versenyen\/\",\"url\":\"https:\/\/www.rightpower.sk\/hu\/hogyan-vehet-reszt-a-versenyen\/\",\"name\":\"Hogyan vehet r\u00e9szt a versenyen? - RIGHT POWER\",\"isPartOf\":{\"@id\":\"https:\/\/www.rightpower.sk\/#website\"},\"primaryImageOfPage\":{\"@id\":\"https:\/\/www.rightpower.sk\/hu\/hogyan-vehet-reszt-a-versenyen\/#primaryimage\"},\"image\":{\"@id\":\"https:\/\/www.rightpower.sk\/hu\/hogyan-vehet-reszt-a-versenyen\/#primaryimage\"},\"thumbnailUrl\":\"https:\/\/www.rightpower.sk\/wp-content\/uploads\/2021\/05\/sutaz-bg@2x.png\",\"datePublished\":\"2021-05-07T13:02:50+00:00\",\"dateModified\":\"2024-07-09T12:05:15+00:00\",\"breadcrumb\":{\"@id\":\"https:\/\/www.rightpower.sk\/hu\/hogyan-vehet-reszt-a-versenyen\/#breadcrumb\"},\"inLanguage\":\"hu\",\"potentialAction\":[{\"@type\":\"ReadAction\",\"target\":[\"https:\/\/www.rightpower.sk\/hu\/hogyan-vehet-reszt-a-versenyen\/\"]}]},{\"@type\":\"ImageObject\",\"inLanguage\":\"hu\",\"@id\":\"https:\/\/www.rightpower.sk\/hu\/hogyan-vehet-reszt-a-versenyen\/#primaryimage\",\"url\":\"https:\/\/www.rightpower.sk\/wp-content\/uploads\/2021\/05\/sutaz-bg@2x.png\",\"contentUrl\":\"https:\/\/www.rightpower.sk\/wp-content\/uploads\/2021\/05\/sutaz-bg@2x.png\",\"width\":2880,\"height\":1176},{\"@type\":\"BreadcrumbList\",\"@id\":\"https:\/\/www.rightpower.sk\/hu\/hogyan-vehet-reszt-a-versenyen\/#breadcrumb\",\"itemListElement\":[{\"@type\":\"ListItem\",\"position\":1,\"name\":\"Home\",\"item\":\"https:\/\/www.rightpower.sk\/hu\/\"},{\"@type\":\"ListItem\",\"position\":2,\"name\":\"Hogyan vehet r\u00e9szt a versenyen?\"}]},{\"@type\":\"WebSite\",\"@id\":\"https:\/\/www.rightpower.sk\/#website\",\"url\":\"https:\/\/www.rightpower.sk\/\",\"name\":\"RIGHT POWER\",\"description\":\"Zelen\u00fd dod\u00e1vate\u013e elektrickej energie\",\"publisher\":{\"@id\":\"https:\/\/www.rightpower.sk\/#organization\"},\"potentialAction\":[{\"@type\":\"SearchAction\",\"target\":{\"@type\":\"EntryPoint\",\"urlTemplate\":\"https:\/\/www.rightpower.sk\/?s={search_term_string}\"},\"query-input\":\"required name=search_term_string\"}],\"inLanguage\":\"hu\"},{\"@type\":\"Organization\",\"@id\":\"https:\/\/www.rightpower.sk\/#organization\",\"name\":\"RIGHT POWER\",\"url\":\"https:\/\/www.rightpower.sk\/\",\"logo\":{\"@type\":\"ImageObject\",\"inLanguage\":\"hu\",\"@id\":\"https:\/\/www.rightpower.sk\/#\/schema\/logo\/image\/\",\"url\":\"https:\/\/www.rightpower.sk\/wp-content\/uploads\/2020\/11\/RP_logo-web.png\",\"contentUrl\":\"https:\/\/www.rightpower.sk\/wp-content\/uploads\/2020\/11\/RP_logo-web.png\",\"width\":512,\"height\":512,\"caption\":\"RIGHT POWER\"},\"image\":{\"@id\":\"https:\/\/www.rightpower.sk\/#\/schema\/logo\/image\/\"},\"sameAs\":[\"https:\/\/www.facebook.com\/rightpowerenergie\",\"https:\/\/www.instagram.com\/rightpowerenergie\/\",\"https:\/\/www.linkedin.com\/company\/rightpower\/\"]}]}<\/script>\n<!-- \/ Yoast SEO plugin. -->","yoast_head_json":{"title":"Hogyan vehet r\u00e9szt a versenyen? - RIGHT POWER","robots":{"index":"index","follow":"follow","max-snippet":"max-snippet:-1","max-image-preview":"max-image-preview:large","max-video-preview":"max-video-preview:-1"},"canonical":"https:\/\/www.rightpower.sk\/hu\/hogyan-vehet-reszt-a-versenyen\/","og_locale":"hu_HU","og_type":"article","og_title":"Hogyan vehet r\u00e9szt a versenyen? - RIGHT POWER","og_description":"Csak annyit kell tennie, hogy m\u00e1jus 1. \u00e9s augusztus 31. k\u00f6z\u00f6tt a r\u00e9gi villamosenergia-szolg\u00e1ltat\u00f3r\u00f3l a RIGHT POWER-re kell v\u00e1ltania, \u00e9s automatikusan r\u00e9szt vesz az INGYENES villamosenergia-sorsol\u00e1son *. 15 h\u00e1ztart\u00e1st sorsolunk ki a h\u00f3nap v\u00e9g\u00e9n!","og_url":"https:\/\/www.rightpower.sk\/hu\/hogyan-vehet-reszt-a-versenyen\/","og_site_name":"RIGHT POWER","article_publisher":"https:\/\/www.facebook.com\/rightpowerenergie","article_modified_time":"2024-07-09T12:05:15+00:00","og_image":[{"width":2880,"height":1176,"url":"https:\/\/www.rightpower.sk\/wp-content\/uploads\/2021\/05\/sutaz-bg@2x.png","type":"image\/png"}],"twitter_card":"summary_large_image","twitter_misc":{"Becs\u00fclt olvas\u00e1si id\u0151":"2 perc"},"schema":{"@context":"https:\/\/schema.org","@graph":[{"@type":"WebPage","@id":"https:\/\/www.rightpower.sk\/hu\/hogyan-vehet-reszt-a-versenyen\/","url":"https:\/\/www.rightpower.sk\/hu\/hogyan-vehet-reszt-a-versenyen\/","name":"Hogyan vehet r\u00e9szt a versenyen? - RIGHT POWER","isPartOf":{"@id":"https:\/\/www.rightpower.sk\/#website"},"primaryImageOfPage":{"@id":"https:\/\/www.rightpower.sk\/hu\/hogyan-vehet-reszt-a-versenyen\/#primaryimage"},"image":{"@id":"https:\/\/www.rightpower.sk\/hu\/hogyan-vehet-reszt-a-versenyen\/#primaryimage"},"thumbnailUrl":"https:\/\/www.rightpower.sk\/wp-content\/uploads\/2021\/05\/sutaz-bg@2x.png","datePublished":"2021-05-07T13:02:50+00:00","dateModified":"2024-07-09T12:05:15+00:00","breadcrumb":{"@id":"https:\/\/www.rightpower.sk\/hu\/hogyan-vehet-reszt-a-versenyen\/#breadcrumb"},"inLanguage":"hu","potentialAction":[{"@type":"ReadAction","target":["https:\/\/www.rightpower.sk\/hu\/hogyan-vehet-reszt-a-versenyen\/"]}]},{"@type":"ImageObject","inLanguage":"hu","@id":"https:\/\/www.rightpower.sk\/hu\/hogyan-vehet-reszt-a-versenyen\/#primaryimage","url":"https:\/\/www.rightpower.sk\/wp-content\/uploads\/2021\/05\/sutaz-bg@2x.png","contentUrl":"https:\/\/www.rightpower.sk\/wp-content\/uploads\/2021\/05\/sutaz-bg@2x.png","width":2880,"height":1176},{"@type":"BreadcrumbList","@id":"https:\/\/www.rightpower.sk\/hu\/hogyan-vehet-reszt-a-versenyen\/#breadcrumb","itemListElement":[{"@type":"ListItem","position":1,"name":"Home","item":"https:\/\/www.rightpower.sk\/hu\/"},{"@type":"ListItem","position":2,"name":"Hogyan vehet r\u00e9szt a versenyen?"}]},{"@type":"WebSite","@id":"https:\/\/www.rightpower.sk\/#website","url":"https:\/\/www.rightpower.sk\/","name":"RIGHT POWER","description":"Zelen\u00fd dod\u00e1vate\u013e elektrickej energie","publisher":{"@id":"https:\/\/www.rightpower.sk\/#organization"},"potentialAction":[{"@type":"SearchAction","target":{"@type":"EntryPoint","urlTemplate":"https:\/\/www.rightpower.sk\/?s={search_term_string}"},"query-input":"required name=search_term_string"}],"inLanguage":"hu"},{"@type":"Organization","@id":"https:\/\/www.rightpower.sk\/#organization","name":"RIGHT POWER","url":"https:\/\/www.rightpower.sk\/","logo":{"@type":"ImageObject","inLanguage":"hu","@id":"https:\/\/www.rightpower.sk\/#\/schema\/logo\/image\/","url":"https:\/\/www.rightpower.sk\/wp-content\/uploads\/2020\/11\/RP_logo-web.png","contentUrl":"https:\/\/www.rightpower.sk\/wp-content\/uploads\/2020\/11\/RP_logo-web.png","width":512,"height":512,"caption":"RIGHT POWER"},"image":{"@id":"https:\/\/www.rightpower.sk\/#\/schema\/logo\/image\/"},"sameAs":["https:\/\/www.facebook.com\/rightpowerenergie","https:\/\/www.instagram.com\/rightpowerenergie\/","https:\/\/www.linkedin.com\/company\/rightpower\/"]}]}},"_links":{"self":[{"href":"https:\/\/www.rightpower.sk\/hu\/wp-json\/wp\/v2\/pages\/10711\/"}],"collection":[{"href":"https:\/\/www.rightpower.sk\/hu\/wp-json\/wp\/v2\/pages\/"}],"about":[{"href":"https:\/\/www.rightpower.sk\/hu\/wp-json\/wp\/v2\/types\/page\/"}],"author":[{"embeddable":true,"href":"https:\/\/www.rightpower.sk\/hu\/wp-json\/wp\/v2\/users\/5\/"}],"replies":[{"embeddable":true,"href":"https:\/\/www.rightpower.sk\/hu\/wp-json\/wp\/v2\/comments\/?post=10711"}],"version-history":[{"count":1,"href":"https:\/\/www.rightpower.sk\/hu\/wp-json\/wp\/v2\/pages\/10711\/revisions\/"}],"predecessor-version":[{"id":43679,"href":"https:\/\/www.rightpower.sk\/hu\/wp-json\/wp\/v2\/pages\/10711\/revisions\/43679\/"}],"wp:featuredmedia":[{"embeddable":true,"href":"https:\/\/www.rightpower.sk\/hu\/wp-json\/wp\/v2\/media\/10612\/"}],"wp:attachment":[{"href":"https:\/\/www.rightpower.sk\/hu\/wp-json\/wp\/v2\/media\/?parent=10711"}],"curies":[{"name":"wp","href":"https:\/\/api.w.org\/{rel}","templated":true}]}}