{"id":2548,"date":"2020-10-27T13:31:59","date_gmt":"2020-10-27T13:31:59","guid":{"rendered":"https:\/\/rightpower.sk\/villamos-energia\/"},"modified":"2020-10-29T13:13:02","modified_gmt":"2020-10-29T13:13:02","slug":"villamos-energia","status":"publish","type":"page","link":"https:\/\/www.rightpower.sk\/hu\/villamos-energia\/","title":{"rendered":"Villamos energia"},"content":{"rendered":"\n<h2 class=\"wp-block-heading\">Honnan tudhatom, hogy a villamos energia ar\u00e1nya megfelel\u0151-e:<\/h2>\n\n\n\n<figure class=\"wp-block-image size-large\"><img decoding=\"async\" width=\"1024\" height=\"266\" src=\"https:\/\/www.rightpower.sk\/wp-content\/uploads\/2020\/07\/Group-8-1024x266.png\" alt=\"\" class=\"wp-image-2129\" srcset=\"https:\/\/www.rightpower.sk\/wp-content\/uploads\/2020\/07\/Group-8-1024x266.png 1024w, https:\/\/www.rightpower.sk\/wp-content\/uploads\/2020\/07\/Group-8-300x78.png 300w, https:\/\/www.rightpower.sk\/wp-content\/uploads\/2020\/07\/Group-8-768x200.png 768w, https:\/\/www.rightpower.sk\/wp-content\/uploads\/2020\/07\/Group-8-1536x400.png 1536w, https:\/\/www.rightpower.sk\/wp-content\/uploads\/2020\/07\/Group-8-2048x533.png 2048w\" sizes=\"(max-width: 1024px) 100vw, 1024px\" \/><\/figure>\n\n\n\n<h2 class=\"wp-block-heading\">Szolg\u00e1ltat\u00e1sok \u00e1ttekint\u00e9se<\/h2>\n\n\n\n<figure class=\"wp-block-table\"><table><tbody><tr><td>Villamosenergia-tarifa<\/td><td>A tarifa az al\u00e1bbi h\u00e1ztart\u00e1sok sz\u00e1m\u00e1ra megfelel\u0151:<\/td><\/tr><tr><td>DD1 egytarif\u00e1s<\/td><td>Kev\u00e9s \u00e1ramot fogyaszt\u00f3 h\u00e1ztart\u00e1sok, amelyek a villamos energi\u00e1t vil\u00e1g\u00edt\u00e1sra \u00e9s \u00e1ltal\u00e1nos h\u00e1ztart\u00e1si berendez\u00e9sek m\u0171k\u00f6dtet\u00e9s\u00e9re haszn\u00e1lj\u00e1k.<\/td><\/tr><tr><td>DD2 egytarif\u00e1s<\/td><td>Nagyobb \u00e1ramfogyaszt\u00e1ssal rendelkez\u0151 h\u00e1ztart\u00e1sok, amelyek a villamos energi\u00e1t vil\u00e1g\u00edt\u00e1sra \u00e9s \u00e1ltal\u00e1nos h\u00e1ztart\u00e1si berendez\u00e9sek \u2013 h\u0171t\u0151szekr\u00e9ny, mosogat\u00f3g\u00e9p, TV, porsz\u00edv\u00f3, mikrohull\u00e1m\u00fa s\u00fct\u0151, mos\u00f3g\u00e9p, gyorsforral\u00f3 stb. \u2013 m\u0171k\u00f6dtet\u00e9s\u00e9re haszn\u00e1lj\u00e1k.<\/td><\/tr><tr><td>DD3 k\u00e9ttarif\u00e1s<\/td><td>Elektromos berendez\u00e9seket haszn\u00e1l\u00f3 h\u00e1ztart\u00e1sok, ahol v\u00e1rhat\u00f3an \u00e9jszak\u00e1nk\u00e9nt nagyobb a fogyaszt\u00e1s.<\/td><\/tr><tr><td>DD4 k\u00e9ttarif\u00e1s<\/td><td>H\u0151t\u00e1rol\u00f3 rendszer\u0171 elektromos v\u00edzmeleg\u00edt\u0151 berendez\u00e9seket haszn\u00e1l\u00f3 h\u00e1ztart\u00e1sok, amelyek kihaszn\u00e1lhatj\u00e1k az elektromos energia \u00e9jszakai, alacsony tarif\u00e1j\u00fa id\u0151szakban val\u00f3 v\u00e9telez\u00e9s\u00e9t.<\/td><\/tr><tr><td>DD5 k\u00e9ttarif\u00e1s<\/td><td>K\u00f6zvetlen villamos f\u0171t\u00e9si rendszereket haszn\u00e1l\u00f3 h\u00e1ztart\u00e1sok, amelyek f\u0151z\u00e9shez \u00e9s v\u00edzmeleg\u00edt\u00e9shez is kiz\u00e1r\u00f3lag elektromos energi\u00e1t haszn\u00e1lnak.<\/td><\/tr><tr><td>DD6 k\u00e9ttarif\u00e1s<\/td><td>H\u0151szivatty\u00fat haszn\u00e1l\u00f3 h\u00e1ztart\u00e1sok, amelyek f\u0151z\u00e9shez, f\u0171t\u00e9shez \u00e9s v\u00edzmeleg\u00edt\u00e9shez is kiz\u00e1r\u00f3lag elektromos energi\u00e1t haszn\u00e1lnak.<\/td><\/tr><tr><td>DD7 k\u00e9ttarif\u00e1s<\/td><td>T\u00falnyom\u00f3r\u00e9szt h\u00e9tv\u00e9gente haszn\u00e1latos nyaral\u00f3k \u00e9s \u00fcd\u00fcl\u0151h\u00e1zak.<\/td><\/tr><tr><td>DD8 k\u00e9ttarif\u00e1s<\/td><td>H\u0151t\u00e1rol\u00f3 rendszer\u0171 elektromos f\u0171t\u00e9si \u00e9s v\u00edzmeleg\u00edt\u00e9si rendszereket haszn\u00e1l\u00f3 h\u00e1ztart\u00e1sok.<\/td><\/tr><tr><td><\/td><td>A DD5, DD6 \u00e9s DD8 tarif\u00e1khoz az illet\u00e9kes eloszt\u00f3rendszer-\u00fczemeltet\u0151 hozz\u00e1j\u00e1rul\u00e1sa sz\u00fcks\u00e9ges az adott d\u00edjszab\u00e1s j\u00f3v\u00e1hagy\u00e1s\u00e1val \u00e9s az eloszt\u00f3rendszer-\u00fczemeltet\u0151nek az elektromos f\u0171t\u00e9s enged\u00e9lyez\u00e9s\u00e9vel kapcsolatos \u00e1ll\u00e1sfoglal\u00e1s\u00e1ban felt\u00fcntetett dokumentumokkal egy\u00fctt.<\/td><\/tr><\/tbody><\/table><\/figure>\n","protected":false},"excerpt":{"rendered":"<p>Honnan tudhatom, hogy a villamos energia ar\u00e1nya megfelel\u0151-e: Szolg\u00e1ltat\u00e1sok \u00e1ttekint\u00e9se Villamosenergia-tarifa A tarifa az al\u00e1bbi h\u00e1ztart\u00e1sok sz\u00e1m\u00e1ra megfelel\u0151: DD1 egytarif\u00e1s Kev\u00e9s \u00e1ramot fogyaszt\u00f3 h\u00e1ztart\u00e1sok, amelyek a villamos energi\u00e1t vil\u00e1g\u00edt\u00e1sra \u00e9s \u00e1ltal\u00e1nos h\u00e1ztart\u00e1si berendez\u00e9sek m\u0171k\u00f6dtet\u00e9s\u00e9re haszn\u00e1lj\u00e1k. DD2 egytarif\u00e1s Nagyobb \u00e1ramfogyaszt\u00e1ssal rendelkez\u0151 h\u00e1ztart\u00e1sok, amelyek a villamos energi\u00e1t vil\u00e1g\u00edt\u00e1sra \u00e9s \u00e1ltal\u00e1nos h\u00e1ztart\u00e1si berendez\u00e9sek \u2013 h\u0171t\u0151szekr\u00e9ny, mosogat\u00f3g\u00e9p, TV, porsz\u00edv\u00f3, [&hellip;]<\/p>\n","protected":false},"author":5,"featured_media":0,"parent":0,"menu_order":0,"comment_status":"closed","ping_status":"closed","template":"page-elektrina.php","meta":{"_acf_changed":false,"footnotes":""},"acf":[],"yoast_head":"<!-- This site is optimized with the Yoast SEO plugin v22.2 - https:\/\/yoast.com\/wordpress\/plugins\/seo\/ -->\n<title>Villamos energia - RIGHT POWER<\/title>\n<meta name=\"robots\" content=\"index, follow, max-snippet:-1, max-image-preview:large, max-video-preview:-1\" \/>\n<link rel=\"canonical\" href=\"https:\/\/www.rightpower.sk\/hu\/villamos-energia\/\" \/>\n<meta property=\"og:locale\" content=\"hu_HU\" \/>\n<meta property=\"og:type\" content=\"article\" \/>\n<meta property=\"og:title\" content=\"Villamos energia - RIGHT POWER\" \/>\n<meta property=\"og:description\" content=\"Honnan tudhatom, hogy a villamos energia ar\u00e1nya megfelel\u0151-e: Szolg\u00e1ltat\u00e1sok \u00e1ttekint\u00e9se Villamosenergia-tarifa A tarifa az al\u00e1bbi h\u00e1ztart\u00e1sok sz\u00e1m\u00e1ra megfelel\u0151: DD1 egytarif\u00e1s Kev\u00e9s \u00e1ramot fogyaszt\u00f3 h\u00e1ztart\u00e1sok, amelyek a villamos energi\u00e1t vil\u00e1g\u00edt\u00e1sra \u00e9s \u00e1ltal\u00e1nos h\u00e1ztart\u00e1si berendez\u00e9sek m\u0171k\u00f6dtet\u00e9s\u00e9re haszn\u00e1lj\u00e1k. DD2 egytarif\u00e1s Nagyobb \u00e1ramfogyaszt\u00e1ssal rendelkez\u0151 h\u00e1ztart\u00e1sok, amelyek a villamos energi\u00e1t vil\u00e1g\u00edt\u00e1sra \u00e9s \u00e1ltal\u00e1nos h\u00e1ztart\u00e1si berendez\u00e9sek \u2013 h\u0171t\u0151szekr\u00e9ny, mosogat\u00f3g\u00e9p, TV, porsz\u00edv\u00f3, [&hellip;]\" \/>\n<meta property=\"og:url\" content=\"https:\/\/www.rightpower.sk\/hu\/villamos-energia\/\" \/>\n<meta property=\"og:site_name\" content=\"RIGHT POWER\" \/>\n<meta property=\"article:publisher\" content=\"https:\/\/www.facebook.com\/rightpowerenergie\" \/>\n<meta property=\"article:modified_time\" content=\"2020-10-29T13:13:02+00:00\" \/>\n<meta property=\"og:image\" content=\"https:\/\/www.rightpower.sk\/wp-content\/uploads\/2020\/07\/Group-8-1024x266.png\" \/>\n<meta name=\"twitter:card\" content=\"summary_large_image\" \/>\n<meta name=\"twitter:label1\" content=\"Becs\u00fclt olvas\u00e1si id\u0151\" \/>\n\t<meta name=\"twitter:data1\" content=\"2 perc\" \/>\n<script type=\"application\/ld+json\" class=\"yoast-schema-graph\">{\"@context\":\"https:\/\/schema.org\",\"@graph\":[{\"@type\":\"WebPage\",\"@id\":\"https:\/\/www.rightpower.sk\/hu\/villamos-energia\/\",\"url\":\"https:\/\/www.rightpower.sk\/hu\/villamos-energia\/\",\"name\":\"Villamos energia - RIGHT POWER\",\"isPartOf\":{\"@id\":\"https:\/\/www.rightpower.sk\/#website\"},\"primaryImageOfPage\":{\"@id\":\"https:\/\/www.rightpower.sk\/hu\/villamos-energia\/#primaryimage\"},\"image\":{\"@id\":\"https:\/\/www.rightpower.sk\/hu\/villamos-energia\/#primaryimage\"},\"thumbnailUrl\":\"https:\/\/www.rightpower.sk\/wp-content\/uploads\/2020\/07\/Group-8-1024x266.png\",\"datePublished\":\"2020-10-27T13:31:59+00:00\",\"dateModified\":\"2020-10-29T13:13:02+00:00\",\"breadcrumb\":{\"@id\":\"https:\/\/www.rightpower.sk\/hu\/villamos-energia\/#breadcrumb\"},\"inLanguage\":\"hu\",\"potentialAction\":[{\"@type\":\"ReadAction\",\"target\":[\"https:\/\/www.rightpower.sk\/hu\/villamos-energia\/\"]}]},{\"@type\":\"ImageObject\",\"inLanguage\":\"hu\",\"@id\":\"https:\/\/www.rightpower.sk\/hu\/villamos-energia\/#primaryimage\",\"url\":\"https:\/\/www.rightpower.sk\/wp-content\/uploads\/2020\/07\/Group-8.png\",\"contentUrl\":\"https:\/\/www.rightpower.sk\/wp-content\/uploads\/2020\/07\/Group-8.png\",\"width\":2391,\"height\":622,\"caption\":\"Elektrina - pomocka na urcenie sadzby elektriny\"},{\"@type\":\"BreadcrumbList\",\"@id\":\"https:\/\/www.rightpower.sk\/hu\/villamos-energia\/#breadcrumb\",\"itemListElement\":[{\"@type\":\"ListItem\",\"position\":1,\"name\":\"Home\",\"item\":\"https:\/\/www.rightpower.sk\/hu\/\"},{\"@type\":\"ListItem\",\"position\":2,\"name\":\"Villamos energia\"}]},{\"@type\":\"WebSite\",\"@id\":\"https:\/\/www.rightpower.sk\/#website\",\"url\":\"https:\/\/www.rightpower.sk\/\",\"name\":\"RIGHT POWER\",\"description\":\"Zelen\u00fd dod\u00e1vate\u013e elektrickej energie\",\"publisher\":{\"@id\":\"https:\/\/www.rightpower.sk\/#organization\"},\"potentialAction\":[{\"@type\":\"SearchAction\",\"target\":{\"@type\":\"EntryPoint\",\"urlTemplate\":\"https:\/\/www.rightpower.sk\/?s={search_term_string}\"},\"query-input\":\"required name=search_term_string\"}],\"inLanguage\":\"hu\"},{\"@type\":\"Organization\",\"@id\":\"https:\/\/www.rightpower.sk\/#organization\",\"name\":\"RIGHT POWER\",\"url\":\"https:\/\/www.rightpower.sk\/\",\"logo\":{\"@type\":\"ImageObject\",\"inLanguage\":\"hu\",\"@id\":\"https:\/\/www.rightpower.sk\/#\/schema\/logo\/image\/\",\"url\":\"https:\/\/www.rightpower.sk\/wp-content\/uploads\/2020\/11\/RP_logo-web.png\",\"contentUrl\":\"https:\/\/www.rightpower.sk\/wp-content\/uploads\/2020\/11\/RP_logo-web.png\",\"width\":512,\"height\":512,\"caption\":\"RIGHT POWER\"},\"image\":{\"@id\":\"https:\/\/www.rightpower.sk\/#\/schema\/logo\/image\/\"},\"sameAs\":[\"https:\/\/www.facebook.com\/rightpowerenergie\",\"https:\/\/www.instagram.com\/rightpowerenergie\/\",\"https:\/\/www.linkedin.com\/company\/rightpower\/\"]}]}<\/script>\n<!-- \/ Yoast SEO plugin. -->","yoast_head_json":{"title":"Villamos energia - RIGHT POWER","robots":{"index":"index","follow":"follow","max-snippet":"max-snippet:-1","max-image-preview":"max-image-preview:large","max-video-preview":"max-video-preview:-1"},"canonical":"https:\/\/www.rightpower.sk\/hu\/villamos-energia\/","og_locale":"hu_HU","og_type":"article","og_title":"Villamos energia - RIGHT POWER","og_description":"Honnan tudhatom, hogy a villamos energia ar\u00e1nya megfelel\u0151-e: Szolg\u00e1ltat\u00e1sok \u00e1ttekint\u00e9se Villamosenergia-tarifa A tarifa az al\u00e1bbi h\u00e1ztart\u00e1sok sz\u00e1m\u00e1ra megfelel\u0151: DD1 egytarif\u00e1s Kev\u00e9s \u00e1ramot fogyaszt\u00f3 h\u00e1ztart\u00e1sok, amelyek a villamos energi\u00e1t vil\u00e1g\u00edt\u00e1sra \u00e9s \u00e1ltal\u00e1nos h\u00e1ztart\u00e1si berendez\u00e9sek m\u0171k\u00f6dtet\u00e9s\u00e9re haszn\u00e1lj\u00e1k. DD2 egytarif\u00e1s Nagyobb \u00e1ramfogyaszt\u00e1ssal rendelkez\u0151 h\u00e1ztart\u00e1sok, amelyek a villamos energi\u00e1t vil\u00e1g\u00edt\u00e1sra \u00e9s \u00e1ltal\u00e1nos h\u00e1ztart\u00e1si berendez\u00e9sek \u2013 h\u0171t\u0151szekr\u00e9ny, mosogat\u00f3g\u00e9p, TV, porsz\u00edv\u00f3, [&hellip;]","og_url":"https:\/\/www.rightpower.sk\/hu\/villamos-energia\/","og_site_name":"RIGHT POWER","article_publisher":"https:\/\/www.facebook.com\/rightpowerenergie","article_modified_time":"2020-10-29T13:13:02+00:00","og_image":[{"url":"https:\/\/www.rightpower.sk\/wp-content\/uploads\/2020\/07\/Group-8-1024x266.png"}],"twitter_card":"summary_large_image","twitter_misc":{"Becs\u00fclt olvas\u00e1si id\u0151":"2 perc"},"schema":{"@context":"https:\/\/schema.org","@graph":[{"@type":"WebPage","@id":"https:\/\/www.rightpower.sk\/hu\/villamos-energia\/","url":"https:\/\/www.rightpower.sk\/hu\/villamos-energia\/","name":"Villamos energia - RIGHT POWER","isPartOf":{"@id":"https:\/\/www.rightpower.sk\/#website"},"primaryImageOfPage":{"@id":"https:\/\/www.rightpower.sk\/hu\/villamos-energia\/#primaryimage"},"image":{"@id":"https:\/\/www.rightpower.sk\/hu\/villamos-energia\/#primaryimage"},"thumbnailUrl":"https:\/\/www.rightpower.sk\/wp-content\/uploads\/2020\/07\/Group-8-1024x266.png","datePublished":"2020-10-27T13:31:59+00:00","dateModified":"2020-10-29T13:13:02+00:00","breadcrumb":{"@id":"https:\/\/www.rightpower.sk\/hu\/villamos-energia\/#breadcrumb"},"inLanguage":"hu","potentialAction":[{"@type":"ReadAction","target":["https:\/\/www.rightpower.sk\/hu\/villamos-energia\/"]}]},{"@type":"ImageObject","inLanguage":"hu","@id":"https:\/\/www.rightpower.sk\/hu\/villamos-energia\/#primaryimage","url":"https:\/\/www.rightpower.sk\/wp-content\/uploads\/2020\/07\/Group-8.png","contentUrl":"https:\/\/www.rightpower.sk\/wp-content\/uploads\/2020\/07\/Group-8.png","width":2391,"height":622,"caption":"Elektrina - pomocka na urcenie sadzby elektriny"},{"@type":"BreadcrumbList","@id":"https:\/\/www.rightpower.sk\/hu\/villamos-energia\/#breadcrumb","itemListElement":[{"@type":"ListItem","position":1,"name":"Home","item":"https:\/\/www.rightpower.sk\/hu\/"},{"@type":"ListItem","position":2,"name":"Villamos energia"}]},{"@type":"WebSite","@id":"https:\/\/www.rightpower.sk\/#website","url":"https:\/\/www.rightpower.sk\/","name":"RIGHT POWER","description":"Zelen\u00fd dod\u00e1vate\u013e elektrickej energie","publisher":{"@id":"https:\/\/www.rightpower.sk\/#organization"},"potentialAction":[{"@type":"SearchAction","target":{"@type":"EntryPoint","urlTemplate":"https:\/\/www.rightpower.sk\/?s={search_term_string}"},"query-input":"required name=search_term_string"}],"inLanguage":"hu"},{"@type":"Organization","@id":"https:\/\/www.rightpower.sk\/#organization","name":"RIGHT POWER","url":"https:\/\/www.rightpower.sk\/","logo":{"@type":"ImageObject","inLanguage":"hu","@id":"https:\/\/www.rightpower.sk\/#\/schema\/logo\/image\/","url":"https:\/\/www.rightpower.sk\/wp-content\/uploads\/2020\/11\/RP_logo-web.png","contentUrl":"https:\/\/www.rightpower.sk\/wp-content\/uploads\/2020\/11\/RP_logo-web.png","width":512,"height":512,"caption":"RIGHT POWER"},"image":{"@id":"https:\/\/www.rightpower.sk\/#\/schema\/logo\/image\/"},"sameAs":["https:\/\/www.facebook.com\/rightpowerenergie","https:\/\/www.instagram.com\/rightpowerenergie\/","https:\/\/www.linkedin.com\/company\/rightpower\/"]}]}},"_links":{"self":[{"href":"https:\/\/www.rightpower.sk\/hu\/wp-json\/wp\/v2\/pages\/2548\/"}],"collection":[{"href":"https:\/\/www.rightpower.sk\/hu\/wp-json\/wp\/v2\/pages\/"}],"about":[{"href":"https:\/\/www.rightpower.sk\/hu\/wp-json\/wp\/v2\/types\/page\/"}],"author":[{"embeddable":true,"href":"https:\/\/www.rightpower.sk\/hu\/wp-json\/wp\/v2\/users\/5\/"}],"replies":[{"embeddable":true,"href":"https:\/\/www.rightpower.sk\/hu\/wp-json\/wp\/v2\/comments\/?post=2548"}],"version-history":[{"count":0,"href":"https:\/\/www.rightpower.sk\/hu\/wp-json\/wp\/v2\/pages\/2548\/revisions\/"}],"wp:attachment":[{"href":"https:\/\/www.rightpower.sk\/hu\/wp-json\/wp\/v2\/media\/?parent=2548"}],"curies":[{"name":"wp","href":"https:\/\/api.w.org\/{rel}","templated":true}]}}